{"id":3343,"date":"2024-11-26T17:50:03","date_gmt":"2024-11-26T17:50:03","guid":{"rendered":"https:\/\/www.quintadaria.com\/golf-academy\/"},"modified":"2026-02-12T14:54:00","modified_gmt":"2026-02-12T14:54:00","slug":"golf-academy","status":"publish","type":"page","link":"https:\/\/www.quintadaria.com\/pt-pt\/golf-academy\/","title":{"rendered":"Academia de Golfe"},"content":{"rendered":"\t\t<div data-elementor-type=\"wp-page\" data-elementor-id=\"3343\" class=\"elementor elementor-3343 elementor-2471\" data-elementor-post-type=\"page\">\n\t\t\t\t\t\t<section class=\"elementor-section elementor-top-section elementor-element elementor-element-dbeeb9c elementor-section-height-min-height elementor-section-items-top elementor-section-boxed elementor-section-height-default\" data-id=\"dbeeb9c\" data-element_type=\"section\" data-settings=\"{&quot;background_background&quot;:&quot;classic&quot;}\">\n\t\t\t\t\t\t<div class=\"elementor-container elementor-column-gap-default\">\n\t\t\t\t\t<div class=\"elementor-column elementor-col-100 elementor-top-column elementor-element elementor-element-8381855 animated-slow elementor-invisible\" data-id=\"8381855\" data-element_type=\"column\" data-settings=\"{&quot;animation&quot;:&quot;fadeInUp&quot;}\">\n\t\t\t<div class=\"elementor-widget-wrap elementor-element-populated\">\n\t\t\t\t\t\t<div class=\"elementor-element elementor-element-b77044f elementor-widget elementor-widget-image\" data-id=\"b77044f\" data-element_type=\"widget\" data-widget_type=\"image.default\">\n\t\t\t\t<div class=\"elementor-widget-container\">\n\t\t\t\t\t\t\t\t\t\t\t\t\t\t\t<img fetchpriority=\"high\" decoding=\"async\" width=\"697\" height=\"1024\" src=\"https:\/\/www.quintadaria.com\/wp-content\/uploads\/2024\/10\/Logotipo_Quinta_da_Ria.svg\" class=\"attachment-large size-large wp-image-151\" alt=\"\" \/>\t\t\t\t\t\t\t\t\t\t\t\t\t\t\t<\/div>\n\t\t\t\t<\/div>\n\t\t\t\t<div class=\"elementor-element elementor-element-c78070a elementor-widget elementor-widget-heading\" data-id=\"c78070a\" data-element_type=\"widget\" data-widget_type=\"heading.default\">\n\t\t\t\t<div class=\"elementor-widget-container\">\n\t\t\t\t\t<h1 class=\"elementor-heading-title elementor-size-default\">Academia de Golfe<\/h1>\t\t\t\t<\/div>\n\t\t\t\t<\/div>\n\t\t\t\t<div class=\"elementor-element elementor-element-c4c859d elementor-widget elementor-widget-heading\" data-id=\"c4c859d\" data-element_type=\"widget\" data-widget_type=\"heading.default\">\n\t\t\t\t<div class=\"elementor-widget-container\">\n\t\t\t\t\t<h2 class=\"elementor-heading-title elementor-size-default\">9 Buracos Pitch &amp; Putt<\/h2>\t\t\t\t<\/div>\n\t\t\t\t<\/div>\n\t\t\t\t\t<\/div>\n\t\t<\/div>\n\t\t\t\t\t<\/div>\n\t\t<\/section>\n\t\t\t\t<section class=\"elementor-section elementor-top-section elementor-element elementor-element-84beae6 elementor-section-full_width elementor-section-height-min-height section-edit-heigth map-contain elementor-reverse-mobile elementor-section-height-default elementor-section-items-middle\" data-id=\"84beae6\" data-element_type=\"section\" data-settings=\"{&quot;background_background&quot;:&quot;classic&quot;}\">\n\t\t\t\t\t\t<div class=\"elementor-container elementor-column-gap-default\">\n\t\t\t\t\t<div class=\"elementor-column elementor-col-50 elementor-top-column elementor-element elementor-element-31139b0 animated-slow elementor-invisible\" data-id=\"31139b0\" data-element_type=\"column\" data-settings=\"{&quot;background_background&quot;:&quot;classic&quot;,&quot;animation&quot;:&quot;fadeInLeft&quot;,&quot;animation_mobile&quot;:&quot;fadeInUp&quot;}\">\n\t\t\t<div class=\"elementor-widget-wrap\">\n\t\t\t\t\t\t\t<\/div>\n\t\t<\/div>\n\t\t\t\t<div class=\"elementor-column elementor-col-50 elementor-top-column elementor-element elementor-element-d1ff6ec animated-slow elementor-invisible\" data-id=\"d1ff6ec\" data-element_type=\"column\" data-settings=\"{&quot;background_background&quot;:&quot;classic&quot;,&quot;animation&quot;:&quot;fadeInRight&quot;,&quot;animation_mobile&quot;:&quot;fadeInUp&quot;}\">\n\t\t\t<div class=\"elementor-widget-wrap elementor-element-populated\">\n\t\t\t\t\t\t<div class=\"elementor-element elementor-element-aa91f09 elementor-widget__width-initial elementor-widget elementor-widget-heading\" data-id=\"aa91f09\" data-element_type=\"widget\" data-widget_type=\"heading.default\">\n\t\t\t\t<div class=\"elementor-widget-container\">\n\t\t\t\t\t<h2 class=\"elementor-heading-title elementor-size-default\">9 Buracos Pitch &amp; Putt<\/h2>\t\t\t\t<\/div>\n\t\t\t\t<\/div>\n\t\t\t\t<div class=\"elementor-element elementor-element-954d19d elementor-widget__width-initial elementor-widget elementor-widget-text-editor\" data-id=\"954d19d\" data-element_type=\"widget\" data-widget_type=\"text-editor.default\">\n\t\t\t\t<div class=\"elementor-widget-container\">\n\t\t\t\t\t\t\t\t\t<p>O campo <strong>Pitch-and-Putt<\/strong> Academy de 9 buracos \u00e9 a mais recente adi\u00e7\u00e3o \u00e0s nossas instala\u00e7\u00f5es de treino. Seja para iniciantes como para golfistas experientes, \u00e9 ideal para treinar o jogo curto e mant\u00e9m os mesmos elevados padr\u00f5es de qualidade dos nossos dois campos de 18 buracos. Uma experi\u00eancia a n\u00e3o perder!<\/p><p>Embora n\u00e3o seja necess\u00e1rio reservar com anteced\u00eancia, recomendamos verificar a disponibilidade antes de chegar. Os <strong>green fees<\/strong> e check-ins s\u00e3o geridos na rece\u00e7\u00e3o de golfe no clubhouse.<\/p>\t\t\t\t\t\t\t\t<\/div>\n\t\t\t\t<\/div>\n\t\t\t\t<div class=\"elementor-element elementor-element-8bf1ccd elementor-align-center elementor-mobile-align-justify elementor-widget elementor-widget-button\" data-id=\"8bf1ccd\" data-element_type=\"widget\" data-widget_type=\"button.default\">\n\t\t\t\t<div class=\"elementor-widget-container\">\n\t\t\t\t\t\t\t\t\t<div class=\"elementor-button-wrapper\">\n\t\t\t\t\t<a class=\"elementor-button elementor-button-link elementor-size-sm\" href=\"https:\/\/www.quintadaria.com\/wp-content\/uploads\/2026\/02\/Academy-Score-card.pdf\" target=\"_blank\">\n\t\t\t\t\t\t<span class=\"elementor-button-content-wrapper\">\n\t\t\t\t\t\t\t\t\t<span class=\"elementor-button-text\">Score card<\/span>\n\t\t\t\t\t<\/span>\n\t\t\t\t\t<\/a>\n\t\t\t\t<\/div>\n\t\t\t\t\t\t\t\t<\/div>\n\t\t\t\t<\/div>\n\t\t\t\t\t<\/div>\n\t\t<\/div>\n\t\t\t\t\t<\/div>\n\t\t<\/section>\n\t\t\t\t<section class=\"elementor-section elementor-top-section elementor-element elementor-element-b50b302 elementor-section-full_width elementor-section-height-min-height section-edit-heigth elementor-section-height-default elementor-section-items-middle\" data-id=\"b50b302\" data-element_type=\"section\" data-settings=\"{&quot;background_background&quot;:&quot;classic&quot;}\">\n\t\t\t\t\t\t<div class=\"elementor-container elementor-column-gap-default\">\n\t\t\t\t\t<div class=\"elementor-column elementor-col-50 elementor-top-column elementor-element elementor-element-5ab1e3c animated-slow elementor-invisible\" data-id=\"5ab1e3c\" data-element_type=\"column\" data-settings=\"{&quot;background_background&quot;:&quot;classic&quot;,&quot;animation&quot;:&quot;fadeInLeft&quot;,&quot;animation_mobile&quot;:&quot;fadeInUp&quot;}\">\n\t\t\t<div class=\"elementor-widget-wrap elementor-element-populated\">\n\t\t\t\t\t\t<div class=\"elementor-element elementor-element-925b5d8 elementor-widget__width-initial elementor-widget elementor-widget-heading\" data-id=\"925b5d8\" data-element_type=\"widget\" data-widget_type=\"heading.default\">\n\t\t\t\t<div class=\"elementor-widget-container\">\n\t\t\t\t\t<h2 class=\"elementor-heading-title elementor-size-default\">Aulas de Golfe com Mickael Carvalho<\/h2>\t\t\t\t<\/div>\n\t\t\t\t<\/div>\n\t\t\t\t<div class=\"elementor-element elementor-element-7204204 elementor-widget__width-initial elementor-widget elementor-widget-text-editor\" data-id=\"7204204\" data-element_type=\"widget\" data-widget_type=\"text-editor.default\">\n\t\t\t\t<div class=\"elementor-widget-container\">\n\t\t\t\t\t\t\t\t\t<p><span style=\"font-weight: 400;\">Aperfei\u00e7oe as suas habilidades de golfe com Mickael Carvalho, profissional PGA, comprometido em ajudar jogadores a alcan\u00e7arem o seu melhor atrav\u00e9s de instru\u00e7\u00f5es personalizadas. Com uma vasta experi\u00eancia em desporto, Mickael oferece conhecimento t\u00e9cnico e orienta\u00e7\u00e3o adaptada ao n\u00edvel e necessidades de cada jogador.<\/span><\/p><p><span style=\"font-weight: 400;\">Sob a sua orienta\u00e7\u00e3o, os jogadores beneficiam de uma abordagem estruturada, focada nos fundamentos da mec\u00e2nica do swing, na gest\u00e3o do campo e na precis\u00e3o. Cada sess\u00e3o \u00e9 planeada para promover melhorias consistentes, com exerc\u00edcios espec\u00edficos e feedback detalhado, criando uma experi\u00eancia de aprendizagem completa.<\/span><\/p><p><span style=\"font-weight: 400;\">Descubra o profissionalismo e a dedica\u00e7\u00e3o de Mickael Carvalho e eleve o seu jogo com instru\u00e7\u00e3o direcionada e de alto n\u00edvel.<\/span><\/p>\t\t\t\t\t\t\t\t<\/div>\n\t\t\t\t<\/div>\n\t\t\t\t<div class=\"elementor-element elementor-element-4b73343 elementor-align-center elementor-mobile-align-justify elementor-widget elementor-widget-button\" data-id=\"4b73343\" data-element_type=\"widget\" data-widget_type=\"button.default\">\n\t\t\t\t<div class=\"elementor-widget-container\">\n\t\t\t\t\t\t\t\t\t<div class=\"elementor-button-wrapper\">\n\t\t\t\t\t<a class=\"elementor-button elementor-button-link elementor-size-sm\" href=\"https:\/\/www.quintadaria.com\/wp-content\/uploads\/2026\/02\/Qdr_2026.pdf\" target=\"_blank\">\n\t\t\t\t\t\t<span class=\"elementor-button-content-wrapper\">\n\t\t\t\t\t\t\t\t\t<span class=\"elementor-button-text\">Aulas de golfe<\/span>\n\t\t\t\t\t<\/span>\n\t\t\t\t\t<\/a>\n\t\t\t\t<\/div>\n\t\t\t\t\t\t\t\t<\/div>\n\t\t\t\t<\/div>\n\t\t\t\t\t<\/div>\n\t\t<\/div>\n\t\t\t\t<div class=\"elementor-column elementor-col-50 elementor-top-column elementor-element elementor-element-0ebc007 animated-slow elementor-invisible\" data-id=\"0ebc007\" data-element_type=\"column\" data-settings=\"{&quot;background_background&quot;:&quot;classic&quot;,&quot;animation&quot;:&quot;fadeInRight&quot;,&quot;animation_mobile&quot;:&quot;fadeInUp&quot;}\">\n\t\t\t<div class=\"elementor-widget-wrap\">\n\t\t\t\t\t\t\t<\/div>\n\t\t<\/div>\n\t\t\t\t\t<\/div>\n\t\t<\/section>\n\t\t\t\t<\/div>\n\t\t","protected":false},"excerpt":{"rendered":"<p>Academia de Golfe 9 Buracos Pitch &amp; Putt 9 Buracos Pitch &amp; Putt O campo Pitch-and-Putt Academy de 9 buracos \u00e9 a mais recente adi\u00e7\u00e3o \u00e0s nossas instala\u00e7\u00f5es de treino. Seja para iniciantes como para golfistas experientes, \u00e9 ideal para treinar o jogo curto e mant\u00e9m os mesmos elevados padr\u00f5es de qualidade dos nossos dois&hellip;<\/p>\n","protected":false},"author":2,"featured_media":0,"parent":0,"menu_order":0,"comment_status":"closed","ping_status":"closed","template":"elementor_header_footer","meta":{"inline_featured_image":false,"footnotes":""},"class_list":["post-3343","page","type-page","status-publish","hentry"],"_links":{"self":[{"href":"https:\/\/www.quintadaria.com\/pt-pt\/wp-json\/wp\/v2\/pages\/3343","targetHints":{"allow":["GET"]}}],"collection":[{"href":"https:\/\/www.quintadaria.com\/pt-pt\/wp-json\/wp\/v2\/pages"}],"about":[{"href":"https:\/\/www.quintadaria.com\/pt-pt\/wp-json\/wp\/v2\/types\/page"}],"author":[{"embeddable":true,"href":"https:\/\/www.quintadaria.com\/pt-pt\/wp-json\/wp\/v2\/users\/2"}],"replies":[{"embeddable":true,"href":"https:\/\/www.quintadaria.com\/pt-pt\/wp-json\/wp\/v2\/comments?post=3343"}],"version-history":[{"count":27,"href":"https:\/\/www.quintadaria.com\/pt-pt\/wp-json\/wp\/v2\/pages\/3343\/revisions"}],"predecessor-version":[{"id":3963,"href":"https:\/\/www.quintadaria.com\/pt-pt\/wp-json\/wp\/v2\/pages\/3343\/revisions\/3963"}],"wp:attachment":[{"href":"https:\/\/www.quintadaria.com\/pt-pt\/wp-json\/wp\/v2\/media?parent=3343"}],"curies":[{"name":"wp","href":"https:\/\/api.w.org\/{rel}","templated":true}]}}